{"id":85493,"date":"2022-10-20T19:54:55","date_gmt":"2022-10-20T19:54:55","guid":{"rendered":"https:\/\/targus.pwdev.de\/production\/productivity-improvement-oee\/"},"modified":"2025-11-27T14:16:51","modified_gmt":"2025-11-27T14:16:51","slug":"productivity-improvement-oee","status":"publish","type":"page","link":"https:\/\/targusmc.com\/us\/concepts\/production\/productivity-improvement-oee\/","title":{"rendered":"Productivity Improvement (OEE)"},"content":{"rendered":"\t\t<div data-elementor-type=\"wp-page\" data-elementor-id=\"85493\" class=\"elementor elementor-85493 elementor-1602\" data-elementor-post-type=\"page\">\n\t\t\t\t\t\t<section class=\"elementor-section elementor-top-section elementor-element elementor-element-3a6e322 elementor-section-boxed elementor-section-height-default elementor-section-height-default\" data-id=\"3a6e322\" data-element_type=\"section\" data-settings=\"{&quot;jet_parallax_layout_list&quot;:[],&quot;_ob_glider_is_slider&quot;:&quot;no&quot;}\">\n\t\t\t\t\t\t<div class=\"elementor-container elementor-column-gap-default\">\n\t\t\t\t\t<div class=\"elementor-column elementor-col-100 elementor-top-column elementor-element elementor-element-1bb5b17\" data-id=\"1bb5b17\" data-element_type=\"column\" data-settings=\"{&quot;_ob_column_hoveranimator&quot;:&quot;no&quot;,&quot;_ob_column_has_pseudo&quot;:&quot;no&quot;}\">\n\t\t\t<div class=\"elementor-widget-wrap elementor-element-populated\">\n\t\t\t\t\t\t<div class=\"elementor-element elementor-element-ff0e010 ob-harakiri-inherit ob-has-background-overlay elementor-widget elementor-widget-text-editor\" data-id=\"ff0e010\" data-element_type=\"widget\" data-settings=\"{&quot;_ob_use_harakiri&quot;:&quot;yes&quot;,&quot;_ob_harakiri_writing_mode&quot;:&quot;inherit&quot;,&quot;_ob_postman_use&quot;:&quot;no&quot;,&quot;_ob_widget_stalker_use&quot;:&quot;no&quot;,&quot;_ob_poopart_use&quot;:&quot;yes&quot;,&quot;_ob_shadough_use&quot;:&quot;no&quot;,&quot;_ob_allow_hoveranimator&quot;:&quot;no&quot;}\" data-widget_type=\"text-editor.default\">\n\t\t\t\t\t\t\t\t\t<div class=\"wpb_column vc_column_container vc_col-sm-6 mpc-column\" data-column-id=\"mpc_column-976329b8574c75b\"><div class=\"vc_column-inner\"><div class=\"wpb_wrapper\"><div class=\"wpb_text_column wpb_content_element wpb_animate_when_almost_visible wpb_bottom-to-top bottom-to-top vc_custom_1580807766383 wpb_start_animation animated\"><div class=\"wpb_wrapper\"><div class=\"wpb_column vc_column_container vc_col-sm-6 mpc-column\" data-column-id=\"mpc_column-28632ca55829316\"><div class=\"vc_column-inner\"><div class=\"wpb_wrapper\"><div class=\"wpb_text_column wpb_content_element wpb_animate_when_almost_visible wpb_bottom-to-top bottom-to-top vc_custom_1518619714862 wpb_start_animation animated\"><div class=\"wpb_wrapper\"><div class=\"wpb_text_column wpb_content_element \"><div class=\"wpb_wrapper\"><div class=\"wpb_text_column wpb_content_element \"><div class=\"wpb_wrapper\"><div class=\"container\"><div class=\"vc_row wpb_row vc_row-fluid vc_custom_1535111600617 mpc-row\"><div class=\"wpb_column vc_column_container vc_col-sm-12 mpc-column\" data-column-id=\"mpc_column-5063518ed6a7bc6\"><div class=\"vc_column-inner\"><div class=\"wpb_wrapper\"><div class=\"wpb_text_column wpb_content_element \"><div class=\"wpb_wrapper\"><div class=\"wpb_text_column wpb_content_element \"><div class=\"wpb_wrapper\"><div class=\"wpb_text_column wpb_content_element \"><div class=\"wpb_wrapper\"><div class=\"container\"><div class=\"vc_row wpb_row vc_row-fluid vc_custom_1535354534617 mpc-row\"><div class=\"wpb_column vc_column_container vc_col-sm-12 mpc-column\" data-column-id=\"mpc_column-186351979dead79\"><div class=\"vc_column-inner\"><div class=\"wpb_wrapper\"><div class=\"wpb_text_column wpb_content_element \"><div class=\"wpb_wrapper\"><div class=\"wpb_text_column wpb_content_element \"><div class=\"wpb_wrapper\"><div class=\"wpb_text_column wpb_content_element \"><div class=\"wpb_wrapper\"><div class=\"container\"><div class=\"vc_row wpb_row vc_row-fluid vc_custom_1535358219629 mpc-row\"><div class=\"wpb_column vc_column_container vc_col-sm-12 mpc-column\" data-column-id=\"mpc_column-896351a659a14de\"><div class=\"vc_column-inner\"><div class=\"wpb_wrapper\"><div class=\"wpb_text_column wpb_content_element \"><div class=\"wpb_wrapper\"><div class=\"wpb_text_column wpb_content_element \"><div class=\"wpb_wrapper\"><h3><strong>Productivity increase (OEE) increases the output of your systems<\/strong><\/h3><p>Availability, performance and quality are the three levers that influence overall equipment effectiveness. The key figure Overall Equipment Effectiveness, or OEE for short, measures the added value of a plant and makes the performance of systems comparable. In order to achieve the benchmarks for plant productivity in industry, the interaction of the complex factors must be optimally designed. With our systematic approach, we show you the levers for increasing the productivity of your system.<\/p><\/div><\/div><div class=\"wpb_text_column wpb_content_element \"><div class=\"wpb_wrapper\"><h5><strong>Increased productivity with a system<\/strong><\/h5><p>Our goal is not to change one variable, but to significantly improve all three influencing factors of OEE. It is important to discover unplanned downtimes, idle times and quality defects and to determine the causes of them. That&#8217;s why we question your processes. The basis for this is our systematic analysis approach combined with the high level of technical competence and many years of practical experience of our consultants.<\/p><\/div><\/div><\/div><\/div><\/div><\/div><\/div><\/div><\/div><\/div><\/div><\/div><\/div><\/div><\/div><\/div><\/div><\/div><\/div><\/div><\/div><\/div><\/div><\/div><\/div><\/div><\/div><\/div><\/div><\/div><\/div><\/div><\/div><\/div><\/div><\/div><\/div><\/div><\/div><\/div><\/div><\/div><\/div><\/div><\/div>\t\t\t\t\t\t\t\t<\/div>\n\t\t\t\t<div class=\"elementor-element elementor-element-b9c7d47 ob-has-background-overlay elementor-widget elementor-widget-image\" data-id=\"b9c7d47\" data-element_type=\"widget\" data-settings=\"{&quot;_ob_photomorph_use&quot;:&quot;no&quot;,&quot;_ob_widget_stalker_use&quot;:&quot;no&quot;,&quot;_ob_poopart_use&quot;:&quot;yes&quot;,&quot;_ob_shadough_use&quot;:&quot;no&quot;,&quot;_ob_allow_hoveranimator&quot;:&quot;no&quot;}\" data-widget_type=\"image.default\">\n\t\t\t\t\t\t\t\t\t\t\t\t\t\t\t<img fetchpriority=\"high\" decoding=\"async\" width=\"800\" height=\"800\" src=\"https:\/\/targusmc.com\/wp-content\/uploads\/2025\/11\/OEE-Improvement_Targus-Webpage-Translation.png\" class=\"attachment-large size-large wp-image-94313\" alt=\"\" srcset=\"https:\/\/targusmc.com\/wp-content\/uploads\/2025\/11\/OEE-Improvement_Targus-Webpage-Translation.png 1024w, https:\/\/targusmc.com\/wp-content\/uploads\/2025\/11\/OEE-Improvement_Targus-Webpage-Translation-300x300.png 300w, https:\/\/targusmc.com\/wp-content\/uploads\/2025\/11\/OEE-Improvement_Targus-Webpage-Translation-150x150.png 150w\" sizes=\"(max-width: 800px) 100vw, 800px\" \/>\t\t\t\t\t\t\t\t\t\t\t\t\t\t\t<\/div>\n\t\t\t\t<div class=\"elementor-element elementor-element-f8b2fb1 ob-harakiri-inherit ob-has-background-overlay elementor-widget elementor-widget-text-editor\" data-id=\"f8b2fb1\" data-element_type=\"widget\" data-settings=\"{&quot;_ob_use_harakiri&quot;:&quot;yes&quot;,&quot;_ob_harakiri_writing_mode&quot;:&quot;inherit&quot;,&quot;_ob_postman_use&quot;:&quot;no&quot;,&quot;_ob_widget_stalker_use&quot;:&quot;no&quot;,&quot;_ob_poopart_use&quot;:&quot;yes&quot;,&quot;_ob_shadough_use&quot;:&quot;no&quot;,&quot;_ob_allow_hoveranimator&quot;:&quot;no&quot;}\" data-widget_type=\"text-editor.default\">\n\t\t\t\t\t\t\t\t\t<div class=\"wpb_column vc_column_container vc_col-sm-6 mpc-column\" data-column-id=\"mpc_column-976329b8574c75b\"><div class=\"vc_column-inner\"><div class=\"wpb_wrapper\"><div class=\"wpb_text_column wpb_content_element wpb_animate_when_almost_visible wpb_bottom-to-top bottom-to-top vc_custom_1580807766383 wpb_start_animation animated\"><div class=\"wpb_wrapper\"><div class=\"wpb_column vc_column_container vc_col-sm-6 mpc-column\" data-column-id=\"mpc_column-28632ca55829316\"><div class=\"vc_column-inner\"><div class=\"wpb_wrapper\"><div class=\"wpb_text_column wpb_content_element wpb_animate_when_almost_visible wpb_bottom-to-top bottom-to-top vc_custom_1518619714862 wpb_start_animation animated\"><div class=\"wpb_wrapper\"><div class=\"wpb_text_column wpb_content_element \"><div class=\"wpb_wrapper\"><div class=\"wpb_text_column wpb_content_element \"><div class=\"wpb_wrapper\"><div class=\"container\"><div class=\"vc_row wpb_row vc_row-fluid vc_custom_1535111600617 mpc-row\"><div class=\"wpb_column vc_column_container vc_col-sm-12 mpc-column\" data-column-id=\"mpc_column-5063518ed6a7bc6\"><div class=\"vc_column-inner\"><div class=\"wpb_wrapper\"><div class=\"wpb_text_column wpb_content_element \"><div class=\"wpb_wrapper\"><div class=\"wpb_text_column wpb_content_element \"><div class=\"wpb_wrapper\"><div class=\"wpb_text_column wpb_content_element \"><div class=\"wpb_wrapper\"><div class=\"container\"><div class=\"vc_row wpb_row vc_row-fluid vc_custom_1535354534617 mpc-row\"><div class=\"wpb_column vc_column_container vc_col-sm-12 mpc-column\" data-column-id=\"mpc_column-186351979dead79\"><div class=\"vc_column-inner\"><div class=\"wpb_wrapper\"><div class=\"wpb_text_column wpb_content_element \"><div class=\"wpb_wrapper\"><div class=\"wpb_text_column wpb_content_element \"><div class=\"wpb_wrapper\"><div class=\"wpb_text_column wpb_content_element \"><div class=\"wpb_wrapper\"><div class=\"container\"><div class=\"vc_row wpb_row vc_row-fluid vc_custom_1535358219629 mpc-row\"><div class=\"wpb_column vc_column_container vc_col-sm-12 mpc-column\" data-column-id=\"mpc_column-896351a659a14de\"><div class=\"vc_column-inner\"><div class=\"wpb_wrapper\"><div class=\"wpb_text_column wpb_content_element \"><div class=\"wpb_wrapper\"><div class=\"wpb_text_column wpb_content_element \"><div class=\"wpb_wrapper\"><div class=\"wpb_text_column wpb_content_element \"><div class=\"wpb_wrapper\"><h5><strong>Productivity increase (OEE) tailored<\/strong><\/h5><p>With our tailor-made concept for increasing productivity, we not only look for starting points to increase performance, but also document, evaluate and prioritize all suggestions for improvement and ideas for your plant effectiveness. For this purpose, we have developed a clearly defined sequence of processes. So k\u00f6nnen wir sicherstellen, dass jede Idee verfolgt und die bestm\u00f6glichen Verbesserungsans\u00e4tze herausgearbeitet werden.<\/p><p>Individually assembled, interdisciplinary teams from production, maintenance, QM\/QA and logistics evaluate each individual idea and determine the expected effect on OEE. Through detailed consideration, we often find exciting solutions. Together with you, we plan the implementation of the measures in detail. The gap detected to the target performance is completely close. The continuous further development and customer-specific adaptation of our measurement and evaluation methods is a matter of course for us.<\/p><\/div><\/div><div class=\"wpb_text_column wpb_content_element \"><div class=\"wpb_wrapper\"><h5><strong>Typical Results of Productivity Improvement (OEE)<\/strong><\/h5><ul><li>Increasing production output<\/li><li>Better availability<\/li><li>Higher quality<\/li><li>Reduced downtime<\/li><li>Better understanding of the disturbance variables<\/li><li>Defined and measurable ramp-up plan<\/li><\/ul><\/div><\/div><div class=\"wpb_text_column wpb_content_element \"><div class=\"wpb_wrapper\"><h5><strong>Productivity increase (OEE) in practice<\/strong><\/h5><p>For a customer in the pharmaceutical industry, we analyzed plant productivity and developed approaches to increase productivity together with the customer&#8217;s employees. In addition to the business requirements, the industry-specific legal framework also had to be taken into account. The effect of each individual idea was predicted or determined by means of simulations. Depending on influence and time priority, our consultants implemented numerous individual measures, which also met the official requirements due to the close involvement of the company&#8217;s own QA department:<\/p><ul><li>Maintenance Blitz<\/li><li>Technological improvements<\/li><li>Changed break regulations<\/li><li>Optimal shift staffing<\/li><li>Controlled set-up processes<br><\/li><li>Investment<\/li><\/ul><p>The sum of many individual projects ultimately resulted in a doubling of the output of the key units and thus a considerable increase in productivity.<\/p><\/div><\/div><\/div><\/div><\/div><\/div><\/div><\/div><\/div><\/div><\/div><\/div><\/div><\/div><\/div><\/div><\/div><\/div><\/div><\/div><\/div><\/div><\/div><\/div><\/div><\/div><\/div><\/div><\/div><\/div><\/div><\/div><\/div><\/div><\/div><\/div><\/div><\/div><\/div><\/div><\/div><\/div><\/div><\/div><\/div><\/div><\/div>\t\t\t\t\t\t\t\t<\/div>\n\t\t\t\t\t<\/div>\n\t\t<\/div>\n\t\t\t\t\t<\/div>\n\t\t<\/section>\n\t\t\t\t<\/div>\n\t\t","protected":false},"excerpt":{"rendered":"<p>Productivity increase (OEE) increases the output of your systems Availability, performance and quality are the three levers that influence overall equipment effectiveness. The key figure Overall Equipment Effectiveness, or OEE for short, measures the added value of a plant and makes the performance of systems comparable. In order to achieve the benchmarks for plant productivity [&hellip;]<\/p>\n","protected":false},"author":18,"featured_media":85380,"parent":85479,"menu_order":0,"comment_status":"closed","ping_status":"closed","template":"","meta":{"footnotes":""},"page-category":[33],"class_list":["post-85493","page","type-page","status-publish","has-post-thumbnail","hentry","page-category-konzept"],"yoast_head":"<!-- This site is optimized with the Yoast SEO plugin v26.6 - https:\/\/yoast.com\/wordpress\/plugins\/seo\/ -->\n<title>Productivity Improvement (OEE) - Targus Management Consulting AG<\/title>\n<meta name=\"robots\" content=\"index, follow, max-snippet:-1, max-image-preview:large, max-video-preview:-1\" \/>\n<link rel=\"canonical\" href=\"https:\/\/targusmc.com\/konzepte\/produktion\/produktivitats-steigerung-oee\/\" \/>\n<meta property=\"og:locale\" content=\"en_US\" \/>\n<meta property=\"og:type\" content=\"article\" \/>\n<meta property=\"og:title\" content=\"Productivity Improvement (OEE) - Targus Management Consulting AG\" \/>\n<meta property=\"og:description\" content=\"Productivity increase (OEE) increases the output of your systems Availability, performance and quality are the three levers that influence overall equipment effectiveness. The key figure Overall Equipment Effectiveness, or OEE for short, measures the added value of a plant and makes the performance of systems comparable. In order to achieve the benchmarks for plant productivity [&hellip;]\" \/>\n<meta property=\"og:url\" content=\"https:\/\/targusmc.com\/konzepte\/produktion\/produktivitats-steigerung-oee\/\" \/>\n<meta property=\"og:site_name\" content=\"Targus Management Consulting AG\" \/>\n<meta property=\"article:modified_time\" content=\"2025-11-27T14:16:51+00:00\" \/>\n<meta property=\"og:image\" content=\"https:\/\/targusmc.com\/wp-content\/uploads\/2022\/11\/Produktion.webp\" \/>\n\t<meta property=\"og:image:width\" content=\"2000\" \/>\n\t<meta property=\"og:image:height\" content=\"784\" \/>\n\t<meta property=\"og:image:type\" content=\"image\/webp\" \/>\n<meta name=\"twitter:card\" content=\"summary_large_image\" \/>\n<meta name=\"twitter:label1\" content=\"Est. reading time\" \/>\n\t<meta name=\"twitter:data1\" content=\"2 minutes\" \/>\n<script type=\"application\/ld+json\" class=\"yoast-schema-graph\">{\"@context\":\"https:\/\/schema.org\",\"@graph\":[{\"@type\":\"WebPage\",\"@id\":\"https:\/\/targusmc.com\/konzepte\/produktion\/produktivitats-steigerung-oee\/\",\"url\":\"https:\/\/targusmc.com\/konzepte\/produktion\/produktivitats-steigerung-oee\/\",\"name\":\"Productivity Improvement (OEE) - Targus Management Consulting AG\",\"isPartOf\":{\"@id\":\"https:\/\/targusmc.com\/#website\"},\"primaryImageOfPage\":{\"@id\":\"https:\/\/targusmc.com\/konzepte\/produktion\/produktivitats-steigerung-oee\/#primaryimage\"},\"image\":{\"@id\":\"https:\/\/targusmc.com\/konzepte\/produktion\/produktivitats-steigerung-oee\/#primaryimage\"},\"thumbnailUrl\":\"https:\/\/targusmc.com\/wp-content\/uploads\/2022\/11\/Produktion.webp\",\"datePublished\":\"2022-10-20T19:54:55+00:00\",\"dateModified\":\"2025-11-27T14:16:51+00:00\",\"breadcrumb\":{\"@id\":\"https:\/\/targusmc.com\/konzepte\/produktion\/produktivitats-steigerung-oee\/#breadcrumb\"},\"inLanguage\":\"en-US\",\"potentialAction\":[{\"@type\":\"ReadAction\",\"target\":[\"https:\/\/targusmc.com\/konzepte\/produktion\/produktivitats-steigerung-oee\/\"]}]},{\"@type\":\"ImageObject\",\"inLanguage\":\"en-US\",\"@id\":\"https:\/\/targusmc.com\/konzepte\/produktion\/produktivitats-steigerung-oee\/#primaryimage\",\"url\":\"https:\/\/targusmc.com\/wp-content\/uploads\/2022\/11\/Produktion.webp\",\"contentUrl\":\"https:\/\/targusmc.com\/wp-content\/uploads\/2022\/11\/Produktion.webp\",\"width\":2000,\"height\":784},{\"@type\":\"BreadcrumbList\",\"@id\":\"https:\/\/targusmc.com\/konzepte\/produktion\/produktivitats-steigerung-oee\/#breadcrumb\",\"itemListElement\":[{\"@type\":\"ListItem\",\"position\":1,\"name\":\"Home\",\"item\":\"https:\/\/targusmc.com\/us\/\"},{\"@type\":\"ListItem\",\"position\":2,\"name\":\"Concepts\",\"item\":\"https:\/\/targusmc.com\/us\/concepts\/\"},{\"@type\":\"ListItem\",\"position\":3,\"name\":\"Production\",\"item\":\"https:\/\/targusmc.com\/konzepte\/produktion\/\"},{\"@type\":\"ListItem\",\"position\":4,\"name\":\"Productivity Improvement (OEE)\"}]},{\"@type\":\"WebSite\",\"@id\":\"https:\/\/targusmc.com\/#website\",\"url\":\"https:\/\/targusmc.com\/\",\"name\":\"Targus Management Consulting AG\",\"description\":\"Internationale Managementberatung\",\"publisher\":{\"@id\":\"https:\/\/targusmc.com\/#organization\"},\"potentialAction\":[{\"@type\":\"SearchAction\",\"target\":{\"@type\":\"EntryPoint\",\"urlTemplate\":\"https:\/\/targusmc.com\/?s={search_term_string}\"},\"query-input\":{\"@type\":\"PropertyValueSpecification\",\"valueRequired\":true,\"valueName\":\"search_term_string\"}}],\"inLanguage\":\"en-US\"},{\"@type\":\"Organization\",\"@id\":\"https:\/\/targusmc.com\/#organization\",\"name\":\"Targus Management Consulting AG\",\"url\":\"https:\/\/targusmc.com\/\",\"logo\":{\"@type\":\"ImageObject\",\"inLanguage\":\"en-US\",\"@id\":\"https:\/\/targusmc.com\/#\/schema\/logo\/image\/\",\"url\":\"https:\/\/targusmc.com\/wp-content\/uploads\/2020\/08\/asset-4.webp\",\"contentUrl\":\"https:\/\/targusmc.com\/wp-content\/uploads\/2020\/08\/asset-4.webp\",\"width\":1342,\"height\":276,\"caption\":\"Targus Management Consulting AG\"},\"image\":{\"@id\":\"https:\/\/targusmc.com\/#\/schema\/logo\/image\/\"}}]}<\/script>\n<!-- \/ Yoast SEO plugin. -->","yoast_head_json":{"title":"Productivity Improvement (OEE) - Targus Management Consulting AG","robots":{"index":"index","follow":"follow","max-snippet":"max-snippet:-1","max-image-preview":"max-image-preview:large","max-video-preview":"max-video-preview:-1"},"canonical":"https:\/\/targusmc.com\/konzepte\/produktion\/produktivitats-steigerung-oee\/","og_locale":"en_US","og_type":"article","og_title":"Productivity Improvement (OEE) - Targus Management Consulting AG","og_description":"Productivity increase (OEE) increases the output of your systems Availability, performance and quality are the three levers that influence overall equipment effectiveness. The key figure Overall Equipment Effectiveness, or OEE for short, measures the added value of a plant and makes the performance of systems comparable. In order to achieve the benchmarks for plant productivity [&hellip;]","og_url":"https:\/\/targusmc.com\/konzepte\/produktion\/produktivitats-steigerung-oee\/","og_site_name":"Targus Management Consulting AG","article_modified_time":"2025-11-27T14:16:51+00:00","og_image":[{"width":2000,"height":784,"url":"https:\/\/targusmc.com\/wp-content\/uploads\/2022\/11\/Produktion.webp","type":"image\/webp"}],"twitter_card":"summary_large_image","twitter_misc":{"Est. reading time":"2 minutes"},"schema":{"@context":"https:\/\/schema.org","@graph":[{"@type":"WebPage","@id":"https:\/\/targusmc.com\/konzepte\/produktion\/produktivitats-steigerung-oee\/","url":"https:\/\/targusmc.com\/konzepte\/produktion\/produktivitats-steigerung-oee\/","name":"Productivity Improvement (OEE) - Targus Management Consulting AG","isPartOf":{"@id":"https:\/\/targusmc.com\/#website"},"primaryImageOfPage":{"@id":"https:\/\/targusmc.com\/konzepte\/produktion\/produktivitats-steigerung-oee\/#primaryimage"},"image":{"@id":"https:\/\/targusmc.com\/konzepte\/produktion\/produktivitats-steigerung-oee\/#primaryimage"},"thumbnailUrl":"https:\/\/targusmc.com\/wp-content\/uploads\/2022\/11\/Produktion.webp","datePublished":"2022-10-20T19:54:55+00:00","dateModified":"2025-11-27T14:16:51+00:00","breadcrumb":{"@id":"https:\/\/targusmc.com\/konzepte\/produktion\/produktivitats-steigerung-oee\/#breadcrumb"},"inLanguage":"en-US","potentialAction":[{"@type":"ReadAction","target":["https:\/\/targusmc.com\/konzepte\/produktion\/produktivitats-steigerung-oee\/"]}]},{"@type":"ImageObject","inLanguage":"en-US","@id":"https:\/\/targusmc.com\/konzepte\/produktion\/produktivitats-steigerung-oee\/#primaryimage","url":"https:\/\/targusmc.com\/wp-content\/uploads\/2022\/11\/Produktion.webp","contentUrl":"https:\/\/targusmc.com\/wp-content\/uploads\/2022\/11\/Produktion.webp","width":2000,"height":784},{"@type":"BreadcrumbList","@id":"https:\/\/targusmc.com\/konzepte\/produktion\/produktivitats-steigerung-oee\/#breadcrumb","itemListElement":[{"@type":"ListItem","position":1,"name":"Home","item":"https:\/\/targusmc.com\/us\/"},{"@type":"ListItem","position":2,"name":"Concepts","item":"https:\/\/targusmc.com\/us\/concepts\/"},{"@type":"ListItem","position":3,"name":"Production","item":"https:\/\/targusmc.com\/konzepte\/produktion\/"},{"@type":"ListItem","position":4,"name":"Productivity Improvement (OEE)"}]},{"@type":"WebSite","@id":"https:\/\/targusmc.com\/#website","url":"https:\/\/targusmc.com\/","name":"Targus Management Consulting AG","description":"Internationale Managementberatung","publisher":{"@id":"https:\/\/targusmc.com\/#organization"},"potentialAction":[{"@type":"SearchAction","target":{"@type":"EntryPoint","urlTemplate":"https:\/\/targusmc.com\/?s={search_term_string}"},"query-input":{"@type":"PropertyValueSpecification","valueRequired":true,"valueName":"search_term_string"}}],"inLanguage":"en-US"},{"@type":"Organization","@id":"https:\/\/targusmc.com\/#organization","name":"Targus Management Consulting AG","url":"https:\/\/targusmc.com\/","logo":{"@type":"ImageObject","inLanguage":"en-US","@id":"https:\/\/targusmc.com\/#\/schema\/logo\/image\/","url":"https:\/\/targusmc.com\/wp-content\/uploads\/2020\/08\/asset-4.webp","contentUrl":"https:\/\/targusmc.com\/wp-content\/uploads\/2020\/08\/asset-4.webp","width":1342,"height":276,"caption":"Targus Management Consulting AG"},"image":{"@id":"https:\/\/targusmc.com\/#\/schema\/logo\/image\/"}}]}},"_links":{"self":[{"href":"https:\/\/targusmc.com\/us\/wp-json\/wp\/v2\/pages\/85493","targetHints":{"allow":["GET"]}}],"collection":[{"href":"https:\/\/targusmc.com\/us\/wp-json\/wp\/v2\/pages"}],"about":[{"href":"https:\/\/targusmc.com\/us\/wp-json\/wp\/v2\/types\/page"}],"author":[{"embeddable":true,"href":"https:\/\/targusmc.com\/us\/wp-json\/wp\/v2\/users\/18"}],"replies":[{"embeddable":true,"href":"https:\/\/targusmc.com\/us\/wp-json\/wp\/v2\/comments?post=85493"}],"version-history":[{"count":0,"href":"https:\/\/targusmc.com\/us\/wp-json\/wp\/v2\/pages\/85493\/revisions"}],"up":[{"embeddable":true,"href":"https:\/\/targusmc.com\/us\/wp-json\/wp\/v2\/pages\/85479"}],"wp:featuredmedia":[{"embeddable":true,"href":"https:\/\/targusmc.com\/us\/wp-json\/wp\/v2\/media\/85380"}],"wp:attachment":[{"href":"https:\/\/targusmc.com\/us\/wp-json\/wp\/v2\/media?parent=85493"}],"wp:term":[{"taxonomy":"page-category","embeddable":true,"href":"https:\/\/targusmc.com\/us\/wp-json\/wp\/v2\/page-category?post=85493"}],"curies":[{"name":"wp","href":"https:\/\/api.w.org\/{rel}","templated":true}]}}